{"id":5795,"date":"2026-05-04T19:11:22","date_gmt":"2026-05-04T16:11:22","guid":{"rendered":"https:\/\/celeque.com\/?post_type=product&#038;p=5795"},"modified":"2026-05-07T23:04:51","modified_gmt":"2026-05-07T20:04:51","slug":"the-c-frame","status":"publish","type":"product","link":"https:\/\/celeque.com\/ar\/product\/the-c-frame\/","title":{"rendered":"\u0627\u0644\u0625\u0637\u0627\u0631 C"},"content":{"rendered":"<p><strong>\u064a\u062a\u0645\u064a\u0632 \u0625\u0637\u0627\u0631 C \u0628\u0623\u062d\u0631\u0641 \u0623\u0648\u0644\u064a\u0629 \u0645\u062e\u0635\u0635\u0629 \u0645\u0646 \u062d\u062c\u0631 \u0627\u0644\u062a\u0631\u0627\u0641\u0631\u062a\u064a\u0646 \u0645\u0648\u0636\u0648\u0639\u0629 \u062f\u0627\u062e\u0644 \u0625\u0637\u0627\u0631 \u0645\u062a\u0637\u0627\u0628\u0642 \u0645\u0646 \u062d\u062c\u0631 \u0627\u0644\u062a\u0631\u0627\u0641\u0631\u062a\u064a\u0646\u060c \u0645\u0642\u062a\u0631\u0646\u0629 \u0628\u062a\u0646\u0633\u064a\u0642 \u0632\u0647\u0648\u0631 \u0627\u0644\u062a\u0646\u0633\u064a\u0642.<\/strong><\/p>\n<p><strong>\u0645\u062b\u0627\u0644\u064a\u0629 \u0644\u062d\u0641\u0644\u0627\u062a \u0627\u0644\u062e\u0637\u0648\u0628\u0629\u060c \u0648\u0627\u0644\u0632\u0641\u0627\u0641\u060c \u0648\u062d\u0641\u0644\u0627\u062a \u0627\u0644\u0627\u0633\u062a\u0642\u0628\u0627\u0644.<\/strong><\/p>\n<p><strong>\u0627\u0644\u0645\u0642\u0627\u0633\u0627\u062a \u0648 \u0627\u0644\u062a\u0641\u0627\u0635\u064a\u0644:<\/strong><\/p>\n<p><strong>\u0627\u0644\u0643\u0628\u064a\u0631: 65 \u00d7 37 \u0633\u0645<\/strong><\/p>\n<p><strong>\u0627\u0644\u0648\u0633\u0637: 45 \u00d7 37 \u0633\u0645<\/strong><\/p>\n<p><strong>\u0627\u0644\u0635\u063a\u064a\u0631: 30 \u00d7 25 \u0633\u0645<\/strong><\/p>\n<p><strong>\u0648\u0642\u062a \u0627\u0644\u062a\u0646\u0641\u064a\u0630: 48 \u0633\u0627\u0639\u0629<\/strong><\/p>","protected":false},"excerpt":{"rendered":"<p>The C Frame features custom travertine initials set within a matching travertine border, paired with a curated floral arrangement. Perfect for engagements, dazza, weddings, and receptions. Sizes &amp; Details: Large: 65 \u00d7 37 cm Medium: 45 \u00d7 37 cm Small: 30 \u00d7 25 cm Production Time: 48 hours<\/p>","protected":false},"featured_media":5856,"comment_status":"open","ping_status":"closed","template":"","meta":{"_uag_custom_page_level_css":""},"product_brand":[],"product_cat":[83],"product_tag":[],"class_list":{"0":"post-5795","1":"product","2":"type-product","3":"status-publish","4":"has-post-thumbnail","6":"product_cat-special-occasions","8":"first","9":"instock","10":"shipping-taxable","11":"purchasable","12":"product-type-variable"},"aioseo_notices":[],"uagb_featured_image_src":{"full":["https:\/\/celeque.com\/wp-content\/uploads\/2026\/05\/IMG_2250.jpeg",1179,1210,false],"thumbnail":["https:\/\/celeque.com\/wp-content\/uploads\/2026\/05\/IMG_2250.jpeg",94,96,false],"medium":["https:\/\/celeque.com\/wp-content\/uploads\/2026\/05\/IMG_2250.jpeg",1179,1210,false],"medium_large":["https:\/\/celeque.com\/wp-content\/uploads\/2026\/05\/IMG_2250.jpeg",1179,1210,false],"large":["https:\/\/celeque.com\/wp-content\/uploads\/2026\/05\/IMG_2250.jpeg",1179,1210,false],"1536x1536":["https:\/\/celeque.com\/wp-content\/uploads\/2026\/05\/IMG_2250.jpeg",1179,1210,false],"2048x2048":["https:\/\/celeque.com\/wp-content\/uploads\/2026\/05\/IMG_2250.jpeg",1179,1210,false],"trp-custom-language-flag":["https:\/\/celeque.com\/wp-content\/uploads\/2026\/05\/IMG_2250.jpeg",12,12,false],"woocommerce_thumbnail":["https:\/\/celeque.com\/wp-content\/uploads\/2026\/05\/IMG_2250-600x720.jpeg",600,720,true],"woocommerce_single":["https:\/\/celeque.com\/wp-content\/uploads\/2026\/05\/IMG_2250-1000x1200.jpeg",1000,1200,true],"woocommerce_gallery_thumbnail":["https:\/\/celeque.com\/wp-content\/uploads\/2026\/05\/IMG_2250-600x720.jpeg",600,720,true]},"uagb_author_info":{"display_name":"itsyourapp1@gmail.com","author_link":"https:\/\/celeque.com\/ar\/author\/"},"uagb_comment_info":0,"uagb_excerpt":"The C Frame features custom travertine initials set within a matching travertine border, paired with a curated floral arrangement. Perfect for engagements, dazza, weddings, and receptions. Sizes &amp; Details: Large: 65 \u00d7 37 cm Medium: 45 \u00d7 37 cm Small: 30 \u00d7 25 cm Production Time: 48 hours","_links":{"self":[{"href":"https:\/\/celeque.com\/ar\/wp-json\/wp\/v2\/product\/5795","targetHints":{"allow":["GET"]}}],"collection":[{"href":"https:\/\/celeque.com\/ar\/wp-json\/wp\/v2\/product"}],"about":[{"href":"https:\/\/celeque.com\/ar\/wp-json\/wp\/v2\/types\/product"}],"replies":[{"embeddable":true,"href":"https:\/\/celeque.com\/ar\/wp-json\/wp\/v2\/comments?post=5795"}],"wp:featuredmedia":[{"embeddable":true,"href":"https:\/\/celeque.com\/ar\/wp-json\/wp\/v2\/media\/5856"}],"wp:attachment":[{"href":"https:\/\/celeque.com\/ar\/wp-json\/wp\/v2\/media?parent=5795"}],"wp:term":[{"taxonomy":"product_brand","embeddable":true,"href":"https:\/\/celeque.com\/ar\/wp-json\/wp\/v2\/product_brand?post=5795"},{"taxonomy":"product_cat","embeddable":true,"href":"https:\/\/celeque.com\/ar\/wp-json\/wp\/v2\/product_cat?post=5795"},{"taxonomy":"product_tag","embeddable":true,"href":"https:\/\/celeque.com\/ar\/wp-json\/wp\/v2\/product_tag?post=5795"}],"curies":[{"name":"wp","href":"https:\/\/api.w.org\/{rel}","templated":true}]}}